{"id":8551,"date":"2017-11-02T16:07:09","date_gmt":"2017-11-02T16:07:09","guid":{"rendered":"http:\/\/downloads.ivsystem.nl\/en\/?page_id=8551"},"modified":"2017-11-03T16:15:54","modified_gmt":"2017-11-03T16:15:54","slug":"product-photos","status":"publish","type":"page","link":"https:\/\/downloads.ivsystem.nl\/fr\/product-photos\/","title":{"rendered":"Photos des produits"},"content":{"rendered":"<div id=\"ivs-download-page\"><a id=\"Lite\"><\/a>\n<div id=\"ivs-download-page-featured\">\n<h3>Lite<\/h3>\n<table class=\"ivs-download-meta\">\n  <thead>\n  <tr>\n    <th class=\"ivs-download-meta-product\">Produit<\/th><th class=\"ivs-download-meta-version\">Version<\/th><th class=\"ivs-download-meta-language\">Langue<\/th><th class=\"ivs-download-meta-size\">Taille<\/th><th class=\"ivs-download-meta-release\">Date de sortie<\/th><th class=\"ivs-download-meta-download\"><\/th>\n  <\/tr>\n  <\/thead>\n  <tbody>\n    <tr>\n      <td>Ensemble de la station de base Lite et des bo\u00eetiers de vote Lite<\/td><td><\/td><td><\/td><td>5 MB<\/td><td>29-07-2011<\/td><td><a href=\"https:\/\/downloads.ivsystem.nl\/fr\/download\/8369\/\" class=\"ka_button small_button small_cherry\"><span>T\u00e9l\u00e9charger<\/span><\/a><\/td>\n    <\/tr>\n    <tr>\n      <td>Bo\u00eete Lite 50 avec bo\u00eetiers de vote<\/td><td><\/td><td><\/td><td>6 MB<\/td><td>29-07-2011<\/td><td><a href=\"https:\/\/downloads.ivsystem.nl\/fr\/download\/8365\/\" class=\"ka_button small_button small_cherry\"><span>T\u00e9l\u00e9charger<\/span><\/a><\/td>\n    <\/tr>\n    <tr>\n      <td>Bo\u00eetier de vote Lite (perspective \u00e0 droite)<\/td><td><\/td><td><\/td><td>2 MB<\/td><td>29-07-2011<\/td><td><a href=\"https:\/\/downloads.ivsystem.nl\/fr\/download\/8359\/\" class=\"ka_button small_button small_cherry\"><span>T\u00e9l\u00e9charger<\/span><\/a><\/td>\n    <\/tr>\n    <tr>\n      <td>Bo\u00eetier de vote Lite (perspective \u00e0 gauche)<\/td><td><\/td><td><\/td><td>4 MB<\/td><td>29-07-2011<\/td><td><a href=\"https:\/\/downloads.ivsystem.nl\/fr\/download\/8357\/\" class=\"ka_button small_button small_cherry\"><span>T\u00e9l\u00e9charger<\/span><\/a><\/td>\n    <\/tr>\n    <tr>\n      <td>Station de base Lite<\/td><td><\/td><td><\/td><td>4 MB<\/td><td>29-07-2011<\/td><td><a href=\"https:\/\/downloads.ivsystem.nl\/fr\/download\/8351\/\" class=\"ka_button small_button small_cherry\"><span>T\u00e9l\u00e9charger<\/span><\/a><\/td>\n    <\/tr>\n    <tr>\n      <td>Ordinateur portable, Station de base Lite et des bo\u00eetiers de vote Lite<\/td><td><\/td><td>Anglaise<\/td><td>762 KB<\/td><td>29-07-2011<\/td><td><a href=\"https:\/\/downloads.ivsystem.nl\/fr\/download\/8367\/\" class=\"ka_button small_button small_cherry\"><span>T\u00e9l\u00e9charger<\/span><\/a><\/td>\n    <\/tr>\n    <tr>\n      <td>Lite charging case 50 with Base Station and keypads<\/td><td><\/td><td><\/td><td>7 MB<\/td><td>29-07-2011<\/td><td><a href=\"https:\/\/downloads.ivsystem.nl\/fr\/download\/8363\/\" class=\"ka_button small_button small_cherry\"><span>T\u00e9l\u00e9charger<\/span><\/a><\/td>\n    <\/tr>\n    <tr>\n      <td>Bo\u00eete de charge Lite 30 avec Station de base et des bo\u00eetiers de vote<\/td><td><\/td><td><\/td><td>6 MB<\/td><td>29-07-2011<\/td><td><a href=\"https:\/\/downloads.ivsystem.nl\/fr\/download\/8361\/\" class=\"ka_button small_button small_cherry\"><span>T\u00e9l\u00e9charger<\/span><\/a><\/td>\n    <\/tr>\n    <tr>\n      <td>Bo\u00eetier de vote Lite (avec la main)<\/td><td><\/td><td><\/td><td>4 MB<\/td><td>29-07-2011<\/td><td><a href=\"https:\/\/downloads.ivsystem.nl\/fr\/download\/8355\/\" class=\"ka_button small_button small_cherry\"><span>T\u00e9l\u00e9charger<\/span><\/a><\/td>\n    <\/tr>\n    <tr>\n      <td>Bo\u00eetier de vote Lite (frontal)<\/td><td><\/td><td><\/td><td>3 MB<\/td><td>20-09-2017<\/td><td><a href=\"https:\/\/downloads.ivsystem.nl\/fr\/download\/8353\/\" class=\"ka_button small_button small_cherry\"><span>T\u00e9l\u00e9charger<\/span><\/a><\/td>\n    <\/tr>\n  <\/tbody>\n<\/table>\n<\/div>\n<\/div>\n<div id=\"ivs-download-page\"><a id=\"RF-II\"><\/a>\n<div id=\"ivs-download-page-featured\">\n<h3>RF-II<\/h3>\n<table class=\"ivs-download-meta\">\n  <thead>\n  <tr>\n    <th class=\"ivs-download-meta-product\">Produit<\/th><th class=\"ivs-download-meta-version\">Version<\/th><th class=\"ivs-download-meta-language\">Langue<\/th><th class=\"ivs-download-meta-size\">Taille<\/th><th class=\"ivs-download-meta-release\">Date de sortie<\/th><th class=\"ivs-download-meta-download\"><\/th>\n  <\/tr>\n  <\/thead>\n  <tbody>\n    <tr>\n      <td>Bo\u00eetier de vote RF-II (avec carte \u00e0 puce)<\/td><td><\/td><td><\/td><td>3 MB<\/td><td>29-07-2011<\/td><td><a href=\"https:\/\/downloads.ivsystem.nl\/fr\/download\/8375\/\" class=\"ka_button small_button small_cherry\"><span>T\u00e9l\u00e9charger<\/span><\/a><\/td>\n    <\/tr>\n    <tr>\n      <td>Bo\u00eetier de vote RF-II (perspective \u00e0 gauche)<\/td><td><\/td><td><\/td><td>2 MB<\/td><td>29-07-2011<\/td><td><a href=\"https:\/\/downloads.ivsystem.nl\/fr\/download\/8373\/\" class=\"ka_button small_button small_cherry\"><span>T\u00e9l\u00e9charger<\/span><\/a><\/td>\n    <\/tr>\n    <tr>\n      <td>Station de base RF-II<\/td><td><\/td><td><\/td><td>2 MB<\/td><td>29-07-2011<\/td><td><a href=\"https:\/\/downloads.ivsystem.nl\/fr\/download\/8371\/\" class=\"ka_button small_button small_cherry\"><span>T\u00e9l\u00e9charger<\/span><\/a><\/td>\n    <\/tr>\n    <tr>\n      <td>Ordinateur portable, Station de base RF-II et bo\u00eetiers de vote RF-II<\/td><td><\/td><td>Anglaise<\/td><td>7 MB<\/td><td>29-07-2011<\/td><td><a href=\"https:\/\/downloads.ivsystem.nl\/fr\/download\/8387\/\" class=\"ka_button small_button small_cherry\"><span>T\u00e9l\u00e9charger<\/span><\/a><\/td>\n    <\/tr>\n    <tr>\n      <td>Station de base r\u00e9seau<\/td><td><\/td><td><\/td><td>2 MB<\/td><td>29-07-2011<\/td><td><a href=\"https:\/\/downloads.ivsystem.nl\/fr\/download\/8377\/\" class=\"ka_button small_button small_cherry\"><span>T\u00e9l\u00e9charger<\/span><\/a><\/td>\n    <\/tr>\n    <tr>\n      <td>Antenne pour la Station de base r\u00e9seau<\/td><td><\/td><td><\/td><td>876 KB<\/td><td>29-07-2011<\/td><td><a href=\"https:\/\/downloads.ivsystem.nl\/fr\/download\/8379\/\" class=\"ka_button small_button small_cherry\"><span>T\u00e9l\u00e9charger<\/span><\/a><\/td>\n    <\/tr>\n    <tr>\n      <td>Bo\u00eete de charge RF-II 25 avec Station de base et bo\u00eetiers de vote<\/td><td><\/td><td><\/td><td>5 MB<\/td><td>29-07-2011<\/td><td><a href=\"https:\/\/downloads.ivsystem.nl\/fr\/download\/8381\/\" class=\"ka_button small_button small_cherry\"><span>T\u00e9l\u00e9charger<\/span><\/a><\/td>\n    <\/tr>\n    <tr>\n      <td>Bo\u00eete de charge RF-II 25 et Bo\u00eete de charge RF-II 50 avec Station de base et des bo\u00eetiers de vote<\/td><td><\/td><td><\/td><td>6 MB<\/td><td>29-07-2011<\/td><td><a href=\"https:\/\/downloads.ivsystem.nl\/fr\/download\/8383\/\" class=\"ka_button small_button small_cherry\"><span>T\u00e9l\u00e9charger<\/span><\/a><\/td>\n    <\/tr>\n    <tr>\n      <td>Ordinateur portable, Station de base RF-II et bo\u00eetiers de vote RF-II<\/td><td><\/td><td>N\u00e9erlandaise<\/td><td>7 MB<\/td><td>29-07-2011<\/td><td><a href=\"https:\/\/downloads.ivsystem.nl\/fr\/download\/8385\/\" class=\"ka_button small_button small_cherry\"><span>T\u00e9l\u00e9charger<\/span><\/a><\/td>\n    <\/tr>\n    <tr>\n      <td>Lecteur de cartes \u00e0 puce avec carte \u00e0 puce<\/td><td><\/td><td><\/td><td>2 MB<\/td><td>29-07-2011<\/td><td><a href=\"https:\/\/downloads.ivsystem.nl\/fr\/download\/8395\/\" class=\"ka_button small_button small_cherry\"><span>T\u00e9l\u00e9charger<\/span><\/a><\/td>\n    <\/tr>\n  <\/tbody>\n<\/table>\n<\/div>\n<\/div>\n<div id=\"ivs-download-page\"><a id=\"RF-I\"><\/a>\n<div id=\"ivs-download-page-featured\">\n<h3>RF-I<\/h3>\n<table class=\"ivs-download-meta\">\n  <thead>\n  <tr>\n    <th class=\"ivs-download-meta-product\">Produit<\/th><th class=\"ivs-download-meta-version\">Version<\/th><th class=\"ivs-download-meta-language\">Langue<\/th><th class=\"ivs-download-meta-size\">Taille<\/th><th class=\"ivs-download-meta-release\">Date de sortie<\/th><th class=\"ivs-download-meta-download\"><\/th>\n  <\/tr>\n  <\/thead>\n  <tbody>\n    <tr>\n      <td>Bo\u00eetier de vote RF-I<\/td><td><\/td><td><\/td><td>1 MB<\/td><td>29-07-2011<\/td><td><a href=\"https:\/\/downloads.ivsystem.nl\/fr\/download\/8389\/\" class=\"ka_button small_button small_cherry\"><span>T\u00e9l\u00e9charger<\/span><\/a><\/td>\n    <\/tr>\n    <tr>\n      <td>Bo\u00eetier de vote RF-I (avec carte \u00e0 puce)<\/td><td><\/td><td><\/td><td>1 MB<\/td><td>29-07-2011<\/td><td><a href=\"https:\/\/downloads.ivsystem.nl\/fr\/download\/8391\/\" class=\"ka_button small_button small_cherry\"><span>T\u00e9l\u00e9charger<\/span><\/a><\/td>\n    <\/tr>\n  <\/tbody>\n<\/table>\n<\/div>\n<\/div>\n<div id=\"ivs-download-page\"><a id=\"C\u00e2bl\u00e9\"><\/a>\n<div id=\"ivs-download-page-featured\">\n<h3>C\u00e2bl\u00e9<\/h3>\n<table class=\"ivs-download-meta\">\n  <thead>\n  <tr>\n    <th class=\"ivs-download-meta-product\">Produit<\/th><th class=\"ivs-download-meta-version\">Version<\/th><th class=\"ivs-download-meta-language\">Langue<\/th><th class=\"ivs-download-meta-size\">Taille<\/th><th class=\"ivs-download-meta-release\">Date de sortie<\/th><th class=\"ivs-download-meta-download\"><\/th>\n  <\/tr>\n  <\/thead>\n  <tbody>\n    <tr>\n      <td>CC25<\/td><td><\/td><td><\/td><td>2 MB<\/td><td>29-07-2011<\/td><td><a href=\"https:\/\/downloads.ivsystem.nl\/fr\/download\/8393\/\" class=\"ka_button small_button small_cherry\"><span>T\u00e9l\u00e9charger<\/span><\/a><\/td>\n    <\/tr>\n  <\/tbody>\n<\/table>\n<\/div>\n<\/div>\n\n","protected":false},"excerpt":{"rendered":"","protected":false},"author":4,"featured_media":0,"parent":0,"menu_order":6,"comment_status":"closed","ping_status":"closed","template":"","meta":{"footnotes":""},"class_list":["post-8551","page","type-page","status-publish","hentry"],"_links":{"self":[{"href":"https:\/\/downloads.ivsystem.nl\/fr\/wp-json\/wp\/v2\/pages\/8551","targetHints":{"allow":["GET"]}}],"collection":[{"href":"https:\/\/downloads.ivsystem.nl\/fr\/wp-json\/wp\/v2\/pages"}],"about":[{"href":"https:\/\/downloads.ivsystem.nl\/fr\/wp-json\/wp\/v2\/types\/page"}],"author":[{"embeddable":true,"href":"https:\/\/downloads.ivsystem.nl\/fr\/wp-json\/wp\/v2\/users\/4"}],"replies":[{"embeddable":true,"href":"https:\/\/downloads.ivsystem.nl\/fr\/wp-json\/wp\/v2\/comments?post=8551"}],"version-history":[{"count":0,"href":"https:\/\/downloads.ivsystem.nl\/fr\/wp-json\/wp\/v2\/pages\/8551\/revisions"}],"wp:attachment":[{"href":"https:\/\/downloads.ivsystem.nl\/fr\/wp-json\/wp\/v2\/media?parent=8551"}],"curies":[{"name":"wp","href":"https:\/\/api.w.org\/{rel}","templated":true}]}}