{"id":8550,"date":"2017-11-02T16:01:59","date_gmt":"2017-11-02T16:01:59","guid":{"rendered":"http:\/\/downloads.ivsystem.nl\/en\/?page_id=8550"},"modified":"2017-11-03T16:15:41","modified_gmt":"2017-11-03T16:15:41","slug":"datasheets","status":"publish","type":"page","link":"https:\/\/downloads.ivsystem.nl\/fr\/datasheets\/","title":{"rendered":"Feuilles de donn\u00e9es"},"content":{"rendered":"<div id=\"ivs-download-page\"><a id=\"Lite\"><\/a>\n<div id=\"ivs-download-page-featured\">\n<h3>Lite<\/h3>\n<table class=\"ivs-download-meta\">\n  <thead>\n  <tr>\n    <th class=\"ivs-download-meta-product\">Produit<\/th><th class=\"ivs-download-meta-version\">Version<\/th><th class=\"ivs-download-meta-language\">Langue<\/th><th class=\"ivs-download-meta-size\">Taille<\/th><th class=\"ivs-download-meta-release\">Date de sortie<\/th><th class=\"ivs-download-meta-download\"><\/th>\n  <\/tr>\n  <\/thead>\n  <tbody>\n    <tr>\n      <td>Station de base Lite<\/td><td><\/td><td>Anglaise<\/td><td>143 KB<\/td><td>26-09-2014<\/td><td><a href=\"https:\/\/downloads.ivsystem.nl\/fr\/download\/8269\/\" class=\"ka_button small_button small_cherry\"><span>T\u00e9l\u00e9charger<\/span><\/a><\/td>\n    <\/tr>\n    <tr>\n      <td>Station de base Lite<\/td><td><\/td><td>N\u00e9erlandaise<\/td><td>144 KB<\/td><td>26-09-2014<\/td><td><a href=\"https:\/\/downloads.ivsystem.nl\/fr\/download\/8267\/\" class=\"ka_button small_button small_cherry\"><span>T\u00e9l\u00e9charger<\/span><\/a><\/td>\n    <\/tr>\n    <tr>\n      <td>Station de base Lite<\/td><td><\/td><td>Allemande<\/td><td>144 KB<\/td><td>26-09-2014<\/td><td><a href=\"https:\/\/downloads.ivsystem.nl\/fr\/download\/8271\/\" class=\"ka_button small_button small_cherry\"><span>T\u00e9l\u00e9charger<\/span><\/a><\/td>\n    <\/tr>\n    <tr>\n      <td>Bo\u00eetier de vote Lite<\/td><td><\/td><td>Anglaise<\/td><td>177 KB<\/td><td>26-09-2014<\/td><td><a href=\"https:\/\/downloads.ivsystem.nl\/fr\/download\/8275\/\" class=\"ka_button small_button small_cherry\"><span>T\u00e9l\u00e9charger<\/span><\/a><\/td>\n    <\/tr>\n    <tr>\n      <td>Bo\u00eetier de vote Lite<\/td><td><\/td><td>N\u00e9erlandaise<\/td><td>177 KB<\/td><td>26-09-2014<\/td><td><a href=\"https:\/\/downloads.ivsystem.nl\/fr\/download\/8273\/\" class=\"ka_button small_button small_cherry\"><span>T\u00e9l\u00e9charger<\/span><\/a><\/td>\n    <\/tr>\n    <tr>\n      <td>Bo\u00eetier de vote Lite<\/td><td><\/td><td>Allemande<\/td><td>178 KB<\/td><td>26-09-2014<\/td><td><a href=\"https:\/\/downloads.ivsystem.nl\/fr\/download\/8277\/\" class=\"ka_button small_button small_cherry\"><span>T\u00e9l\u00e9charger<\/span><\/a><\/td>\n    <\/tr>\n  <\/tbody>\n<\/table>\n<\/div>\n<\/div>\n<div id=\"ivs-download-page\"><a id=\"RF-II\"><\/a>\n<div id=\"ivs-download-page-featured\">\n<h3>RF-II<\/h3>\n<table class=\"ivs-download-meta\">\n  <thead>\n  <tr>\n    <th class=\"ivs-download-meta-product\">Produit<\/th><th class=\"ivs-download-meta-version\">Version<\/th><th class=\"ivs-download-meta-language\">Langue<\/th><th class=\"ivs-download-meta-size\">Taille<\/th><th class=\"ivs-download-meta-release\">Date de sortie<\/th><th class=\"ivs-download-meta-download\"><\/th>\n  <\/tr>\n  <\/thead>\n  <tbody>\n    <tr>\n      <td>RF-II Base Station<\/td><td><\/td><td>Anglaise<\/td><td>372 KB<\/td><td>26-09-2014<\/td><td><a href=\"https:\/\/downloads.ivsystem.nl\/fr\/download\/8281\/\" class=\"ka_button small_button small_cherry\"><span>T\u00e9l\u00e9charger<\/span><\/a><\/td>\n    <\/tr>\n    <tr>\n      <td>RF-II Base Station<\/td><td><\/td><td>N\u00e9erlandaise<\/td><td>372 KB<\/td><td>26-09-2014<\/td><td><a href=\"https:\/\/downloads.ivsystem.nl\/fr\/download\/8279\/\" class=\"ka_button small_button small_cherry\"><span>T\u00e9l\u00e9charger<\/span><\/a><\/td>\n    <\/tr>\n    <tr>\n      <td>RF-II Base Station<\/td><td><\/td><td>Allemande<\/td><td>373 KB<\/td><td>26-09-2014<\/td><td><a href=\"https:\/\/downloads.ivsystem.nl\/fr\/download\/8283\/\" class=\"ka_button small_button small_cherry\"><span>T\u00e9l\u00e9charger<\/span><\/a><\/td>\n    <\/tr>\n    <tr>\n      <td>RF-II Keypad<\/td><td><\/td><td>Anglaise<\/td><td>223 KB<\/td><td>26-09-2014<\/td><td><a href=\"https:\/\/downloads.ivsystem.nl\/fr\/download\/8287\/\" class=\"ka_button small_button small_cherry\"><span>T\u00e9l\u00e9charger<\/span><\/a><\/td>\n    <\/tr>\n    <tr>\n      <td>Bo\u00eetier de vote RF-II<\/td><td><\/td><td>N\u00e9erlandaise<\/td><td>223 KB<\/td><td>26-09-2014<\/td><td><a href=\"https:\/\/downloads.ivsystem.nl\/fr\/download\/8285\/\" class=\"ka_button small_button small_cherry\"><span>T\u00e9l\u00e9charger<\/span><\/a><\/td>\n    <\/tr>\n    <tr>\n      <td>Bo\u00eetier de vote RF-II<\/td><td><\/td><td>Allemande<\/td><td>225 KB<\/td><td>26-09-2014<\/td><td><a href=\"https:\/\/downloads.ivsystem.nl\/fr\/download\/8289\/\" class=\"ka_button small_button small_cherry\"><span>T\u00e9l\u00e9charger<\/span><\/a><\/td>\n    <\/tr>\n    <tr>\n      <td>Station de base r\u00e9seau<\/td><td><\/td><td>Anglaise<\/td><td>175 KB<\/td><td>26-09-2014<\/td><td><a href=\"https:\/\/downloads.ivsystem.nl\/fr\/download\/8293\/\" class=\"ka_button small_button small_cherry\"><span>T\u00e9l\u00e9charger<\/span><\/a><\/td>\n    <\/tr>\n    <tr>\n      <td>Station de base r\u00e9seau<\/td><td><\/td><td>N\u00e9erlandaise<\/td><td>175 KB<\/td><td>26-09-2014<\/td><td><a href=\"https:\/\/downloads.ivsystem.nl\/fr\/download\/8291\/\" class=\"ka_button small_button small_cherry\"><span>T\u00e9l\u00e9charger<\/span><\/a><\/td>\n    <\/tr>\n    <tr>\n      <td>Station de base r\u00e9seau<\/td><td><\/td><td>Allemande<\/td><td>175 KB<\/td><td>26-09-2014<\/td><td><a href=\"https:\/\/downloads.ivsystem.nl\/fr\/download\/8295\/\" class=\"ka_button small_button small_cherry\"><span>T\u00e9l\u00e9charger<\/span><\/a><\/td>\n    <\/tr>\n    <tr>\n      <td>Bo\u00eete de charge<\/td><td><\/td><td>Anglaise<\/td><td>336 KB<\/td><td>26-09-2014<\/td><td><a href=\"https:\/\/downloads.ivsystem.nl\/fr\/download\/8299\/\" class=\"ka_button small_button small_cherry\"><span>T\u00e9l\u00e9charger<\/span><\/a><\/td>\n    <\/tr>\n    <tr>\n      <td>Bo\u00eete de charge<\/td><td><\/td><td>N\u00e9erlandaise<\/td><td>336 KB<\/td><td>26-09-2014<\/td><td><a href=\"https:\/\/downloads.ivsystem.nl\/fr\/download\/8297\/\" class=\"ka_button small_button small_cherry\"><span>T\u00e9l\u00e9charger<\/span><\/a><\/td>\n    <\/tr>\n    <tr>\n      <td>Bo\u00eete de charge<\/td><td><\/td><td>Allemande<\/td><td>338 KB<\/td><td>26-09-2014<\/td><td><a href=\"https:\/\/downloads.ivsystem.nl\/fr\/download\/8301\/\" class=\"ka_button small_button small_cherry\"><span>T\u00e9l\u00e9charger<\/span><\/a><\/td>\n    <\/tr>\n    <tr>\n      <td>Programmeur de carte \u00e0 puce<\/td><td><\/td><td>Anglaise<\/td><td>265 KB<\/td><td>26-09-2014<\/td><td><a href=\"https:\/\/downloads.ivsystem.nl\/fr\/download\/8305\/\" class=\"ka_button small_button small_cherry\"><span>T\u00e9l\u00e9charger<\/span><\/a><\/td>\n    <\/tr>\n    <tr>\n      <td>Programmeur de carte \u00e0 puce<\/td><td><\/td><td>N\u00e9erlandaise<\/td><td>265 KB<\/td><td>26-09-2014<\/td><td><a href=\"https:\/\/downloads.ivsystem.nl\/fr\/download\/8303\/\" class=\"ka_button small_button small_cherry\"><span>T\u00e9l\u00e9charger<\/span><\/a><\/td>\n    <\/tr>\n    <tr>\n      <td>Programmeur de carte \u00e0 puce<\/td><td><\/td><td>Allemande<\/td><td>267 KB<\/td><td>26-09-2014<\/td><td><a href=\"https:\/\/downloads.ivsystem.nl\/fr\/download\/8307\/\" class=\"ka_button small_button small_cherry\"><span>T\u00e9l\u00e9charger<\/span><\/a><\/td>\n    <\/tr>\n  <\/tbody>\n<\/table>\n<\/div>\n<\/div>\n<div id=\"ivs-download-page\"><a id=\"Logiciel\"><\/a>\n<div id=\"ivs-download-page-featured\">\n<h3>Logiciel<\/h3>\n<table class=\"ivs-download-meta\">\n  <thead>\n  <tr>\n    <th class=\"ivs-download-meta-product\">Produit<\/th><th class=\"ivs-download-meta-version\">Version<\/th><th class=\"ivs-download-meta-language\">Langue<\/th><th class=\"ivs-download-meta-size\">Taille<\/th><th class=\"ivs-download-meta-release\">Date de sortie<\/th><th class=\"ivs-download-meta-download\"><\/th>\n  <\/tr>\n  <\/thead>\n  <tbody>\n    <tr>\n      <td>IVS-Professional<\/td><td>4.4<\/td><td>Anglaise<\/td><td>406 KB<\/td><td>26-09-2014<\/td><td><a href=\"https:\/\/downloads.ivsystem.nl\/fr\/download\/8311\/\" class=\"ka_button small_button small_cherry\"><span>T\u00e9l\u00e9charger<\/span><\/a><\/td>\n    <\/tr>\n    <tr>\n      <td>IVS-Professional<\/td><td>4.4<\/td><td>N\u00e9erlandaise<\/td><td>409 KB<\/td><td>26-09-2014<\/td><td><a href=\"https:\/\/downloads.ivsystem.nl\/fr\/download\/8309\/\" class=\"ka_button small_button small_cherry\"><span>T\u00e9l\u00e9charger<\/span><\/a><\/td>\n    <\/tr>\n    <tr>\n      <td>IVS-Professional<\/td><td>4.4<\/td><td>Allemande<\/td><td>407 KB<\/td><td>26-09-2014<\/td><td><a href=\"https:\/\/downloads.ivsystem.nl\/fr\/download\/8313\/\" class=\"ka_button small_button small_cherry\"><span>T\u00e9l\u00e9charger<\/span><\/a><\/td>\n    <\/tr>\n    <tr>\n      <td>IVS-PowerPoint<\/td><td>1.1<\/td><td>Anglaise<\/td><td>319 KB<\/td><td>26-09-2014<\/td><td><a href=\"https:\/\/downloads.ivsystem.nl\/fr\/download\/8317\/\" class=\"ka_button small_button small_cherry\"><span>T\u00e9l\u00e9charger<\/span><\/a><\/td>\n    <\/tr>\n    <tr>\n      <td>IVS-PowerPoint<\/td><td>1.1<\/td><td>N\u00e9erlandaise<\/td><td>320 KB<\/td><td>26-09-2014<\/td><td><a href=\"https:\/\/downloads.ivsystem.nl\/fr\/download\/8315\/\" class=\"ka_button small_button small_cherry\"><span>T\u00e9l\u00e9charger<\/span><\/a><\/td>\n    <\/tr>\n    <tr>\n      <td>IVS-PowerPoint<\/td><td>1.1<\/td><td>Allemande<\/td><td>320 KB<\/td><td>26-09-2014<\/td><td><a href=\"https:\/\/downloads.ivsystem.nl\/fr\/download\/8319\/\" class=\"ka_button small_button small_cherry\"><span>T\u00e9l\u00e9charger<\/span><\/a><\/td>\n    <\/tr>\n    <tr>\n      <td>IVS-Basic<\/td><td>4.4<\/td><td>Anglaise<\/td><td>302 KB<\/td><td>26-09-2014<\/td><td><a href=\"https:\/\/downloads.ivsystem.nl\/fr\/download\/8323\/\" class=\"ka_button small_button small_cherry\"><span>T\u00e9l\u00e9charger<\/span><\/a><\/td>\n    <\/tr>\n    <tr>\n      <td>IVS-Basic<\/td><td>4.4<\/td><td>N\u00e9erlandaise<\/td><td>302 KB<\/td><td>26-09-2014<\/td><td><a href=\"https:\/\/downloads.ivsystem.nl\/fr\/download\/8321\/\" class=\"ka_button small_button small_cherry\"><span>T\u00e9l\u00e9charger<\/span><\/a><\/td>\n    <\/tr>\n    <tr>\n      <td>IVS-Basic<\/td><td>4.4<\/td><td>Allemande<\/td><td>381 KB<\/td><td>26-09-2014<\/td><td><a href=\"https:\/\/downloads.ivsystem.nl\/fr\/download\/8325\/\" class=\"ka_button small_button small_cherry\"><span>T\u00e9l\u00e9charger<\/span><\/a><\/td>\n    <\/tr>\n    <tr>\n      <td>Applications<\/td><td><\/td><td>Anglaise<\/td><td>574 KB<\/td><td>26-09-2014<\/td><td><a href=\"https:\/\/downloads.ivsystem.nl\/fr\/download\/8329\/\" class=\"ka_button small_button small_cherry\"><span>T\u00e9l\u00e9charger<\/span><\/a><\/td>\n    <\/tr>\n    <tr>\n      <td>Applications<\/td><td><\/td><td>N\u00e9erlandaise<\/td><td>583 KB<\/td><td>26-09-2014<\/td><td><a href=\"https:\/\/downloads.ivsystem.nl\/fr\/download\/8327\/\" class=\"ka_button small_button small_cherry\"><span>T\u00e9l\u00e9charger<\/span><\/a><\/td>\n    <\/tr>\n    <tr>\n      <td>Applications<\/td><td><\/td><td>Allemande<\/td><td>4 MB<\/td><td>26-09-2014<\/td><td><a href=\"https:\/\/downloads.ivsystem.nl\/fr\/download\/8331\/\" class=\"ka_button small_button small_cherry\"><span>T\u00e9l\u00e9charger<\/span><\/a><\/td>\n    <\/tr>\n  <\/tbody>\n<\/table>\n<\/div>\n<\/div>\n<div id=\"ivs-download-page\"><a id=\"C\u00e2bl\u00e9\"><\/a>\n<div id=\"ivs-download-page-featured\">\n<h3>C\u00e2bl\u00e9<\/h3>\n<table class=\"ivs-download-meta\">\n  <thead>\n  <tr>\n    <th class=\"ivs-download-meta-product\">Produit<\/th><th class=\"ivs-download-meta-version\">Version<\/th><th class=\"ivs-download-meta-language\">Langue<\/th><th class=\"ivs-download-meta-size\">Taille<\/th><th class=\"ivs-download-meta-release\">Date de sortie<\/th><th class=\"ivs-download-meta-download\"><\/th>\n  <\/tr>\n  <\/thead>\n  <tbody>\n    <tr>\n      <td>CC100<\/td><td><\/td><td>Anglaise<\/td><td>92 KB<\/td><td>26-09-2014<\/td><td><a href=\"https:\/\/downloads.ivsystem.nl\/fr\/download\/8335\/\" class=\"ka_button small_button small_cherry\"><span>T\u00e9l\u00e9charger<\/span><\/a><\/td>\n    <\/tr>\n    <tr>\n      <td>CC100<\/td><td><\/td><td>N\u00e9erlandaise<\/td><td>92 KB<\/td><td>26-09-2014<\/td><td><a href=\"https:\/\/downloads.ivsystem.nl\/fr\/download\/8333\/\" class=\"ka_button small_button small_cherry\"><span>T\u00e9l\u00e9charger<\/span><\/a><\/td>\n    <\/tr>\n    <tr>\n      <td>CC100<\/td><td><\/td><td>Allemande<\/td><td>94 KB<\/td><td>26-09-2014<\/td><td><a href=\"https:\/\/downloads.ivsystem.nl\/fr\/download\/8337\/\" class=\"ka_button small_button small_cherry\"><span>T\u00e9l\u00e9charger<\/span><\/a><\/td>\n    <\/tr>\n    <tr>\n      <td>Bo\u00eetier de vote int\u00e9gr\u00e9<\/td><td><\/td><td>Anglaise<\/td><td>221 KB<\/td><td>26-09-2014<\/td><td><a href=\"https:\/\/downloads.ivsystem.nl\/fr\/download\/8341\/\" class=\"ka_button small_button small_cherry\"><span>T\u00e9l\u00e9charger<\/span><\/a><\/td>\n    <\/tr>\n    <tr>\n      <td>Bo\u00eetier de vote int\u00e9gr\u00e9<\/td><td><\/td><td>N\u00e9erlandaise<\/td><td>221 KB<\/td><td>26-09-2014<\/td><td><a href=\"https:\/\/downloads.ivsystem.nl\/fr\/download\/8339\/\" class=\"ka_button small_button small_cherry\"><span>T\u00e9l\u00e9charger<\/span><\/a><\/td>\n    <\/tr>\n    <tr>\n      <td>Bo\u00eetier de vote int\u00e9gr\u00e9<\/td><td><\/td><td>Allemande<\/td><td>222 KB<\/td><td>26-09-2014<\/td><td><a href=\"https:\/\/downloads.ivsystem.nl\/fr\/download\/8343\/\" class=\"ka_button small_button small_cherry\"><span>T\u00e9l\u00e9charger<\/span><\/a><\/td>\n    <\/tr>\n  <\/tbody>\n<\/table>\n<\/div>\n<\/div>\n\n","protected":false},"excerpt":{"rendered":"","protected":false},"author":4,"featured_media":0,"parent":0,"menu_order":5,"comment_status":"closed","ping_status":"closed","template":"","meta":{"footnotes":""},"class_list":["post-8550","page","type-page","status-publish","hentry"],"_links":{"self":[{"href":"https:\/\/downloads.ivsystem.nl\/fr\/wp-json\/wp\/v2\/pages\/8550","targetHints":{"allow":["GET"]}}],"collection":[{"href":"https:\/\/downloads.ivsystem.nl\/fr\/wp-json\/wp\/v2\/pages"}],"about":[{"href":"https:\/\/downloads.ivsystem.nl\/fr\/wp-json\/wp\/v2\/types\/page"}],"author":[{"embeddable":true,"href":"https:\/\/downloads.ivsystem.nl\/fr\/wp-json\/wp\/v2\/users\/4"}],"replies":[{"embeddable":true,"href":"https:\/\/downloads.ivsystem.nl\/fr\/wp-json\/wp\/v2\/comments?post=8550"}],"version-history":[{"count":0,"href":"https:\/\/downloads.ivsystem.nl\/fr\/wp-json\/wp\/v2\/pages\/8550\/revisions"}],"wp:attachment":[{"href":"https:\/\/downloads.ivsystem.nl\/fr\/wp-json\/wp\/v2\/media?parent=8550"}],"curies":[{"name":"wp","href":"https:\/\/api.w.org\/{rel}","templated":true}]}}