{"id":11,"date":"2017-09-25T08:21:13","date_gmt":"2017-09-25T08:21:13","guid":{"rendered":"http:\/\/downloads.ivsystem.nl\/?page_id=11"},"modified":"2017-11-08T11:02:51","modified_gmt":"2017-11-08T10:02:51","slug":"downloads","status":"publish","type":"page","link":"https:\/\/downloads.ivsystem.nl\/fr\/","title":{"rendered":"T\u00e9l\u00e9chargements"},"content":{"rendered":"<div class=\"fusion-fullwidth fullwidth-box fusion-builder-row-1 nonhundred-percent-fullwidth non-hundred-percent-height-scrolling\" style=\"background-color: rgba(255,255,255,0);background-position: center center;background-repeat: no-repeat;padding-top:0px;padding-right:0px;padding-bottom:0px;padding-left:0px;margin-bottom: 0px;margin-top: 0px;border-width: 0px 0px 0px 0px;border-color:#eae9e9;border-style:solid;\" ><div class=\"fusion-builder-row fusion-row\"><div class=\"fusion-layout-column fusion_builder_column fusion-builder-column-0 fusion_builder_column_1_1 1_1 fusion-one-full fusion-column-first fusion-column-last\" style=\"margin-top:0px;margin-bottom:0px;\"><div class=\"fusion-column-wrapper fusion-flex-column-wrapper-legacy\" style=\"background-position:left top;background-repeat:no-repeat;-webkit-background-size:cover;-moz-background-size:cover;-o-background-size:cover;background-size:cover;padding: 0px 0px 0px 0px;\"><div class=\"fusion-text fusion-text-1\"><h1>T\u00e9l\u00e9chargements<\/h1>\n<p><span id=\"result_box\" class=\"\" lang=\"fr\" tabindex=\"-1\"><span title=\"Interactive Voting System offers all its basic software in four different languages.\">Interactive Voting System offre tous ses logiciels de base dans quatre langues diff\u00e9rentes. <\/span><span title=\"IVS-Professional and IVS-PowerPoint can be used free of charge with a maximum of 30 keypads.\">IVS-Professional et IVS-PowerPoint peuvent \u00eatre utilis\u00e9s gratuitement avec un maximum de 30 bo\u00eetiers de vote. <\/span><span title=\"IVS-City Council can be used free of charge with a maximum of 5 keypads and IVS-Risk Analysis with a maximum of 3 risks. \">IVS-City Council peut \u00eatre utilis\u00e9 gratuitement avec un maximum de 5 bo\u00eetiers de vote et IVS-Risk Analysis avec un maximum de 3 risques.<\/span><\/span><\/p>\n<p><span title=\"A password is required for the installation of the software.\">Un mot de passe est requis pour l&#8217;installation du logiciel. <span id=\"result_box\" class=\"\" lang=\"fr\" tabindex=\"-1\"><span class=\"alt-edited\">Lors du t\u00e9l\u00e9chargement du logiciel, il vous sera demand\u00e9 d&#8217;entrer votre nom et votre adresse e-mail.<\/span><\/span> <\/span><span title=\"The password for the installation will be sent to this address.\">Le mot de passe pour l&#8217;installation est ensuite envoy\u00e9 \u00e0 cette adresse. <\/span><span title=\"After downloading you can install the software on as many computers as you like.\">Apr\u00e8s le t\u00e9l\u00e9chargement, vous pouvez installer le logiciel sur n&#8217;importe quel ordinateur. <span id=\"result_box\" class=\"\" lang=\"fr\" tabindex=\"-1\"><span title=\"Hiervoor is geen licentiecode nodig. \">Cela ne n\u00e9cessite pas de cl\u00e9 de licence.<\/span><\/span><br \/>\n<\/span><\/p>\n<p><span title=\"All software is suitable for use with the different types of keypads\/voting pads.\">Tous les logiciels peuvent \u00eatre utilis\u00e9s avec les diff\u00e9rents types de bo\u00eetiers de vote. <\/span><span title=\"Due to driver installation, versions are available for 32-bit Windows and 64-bit Windows.\">En raison de l&#8217;installation du pilote, des versions sont disponibles pour Windows 32 bits et Windows 64 bits. <\/span><span title=\"In that case, install the other version. \"><span id=\"result_box\" class=\"\" lang=\"fr\" tabindex=\"-1\"><span title=\"Het is afhankelijk van uw besturingssysteem welke versie u moet installeren.\">Cela d\u00e9pend de votre syst\u00e8me d&#8217;exploitation quelle version vous devez installer. <\/span><span title=\"Als u niet weet welke versie u moet hebben, download dan beide versies.\">Si vous ne savez pas quelle version vous devriez installer, t\u00e9l\u00e9chargez les deux versions. <\/span><span title=\"Mocht u de verkeerde versie proberen te installeren, dan wordt dat tijdens de installatie gemeld.\">Si vous essayez d&#8217;installer la mauvaise version, elle sera signal\u00e9e lors de l&#8217;installation. <\/span><span title=\"Installeer in dat geval de andere versie. \">Dans ce cas, installez l&#8217;autre version.<\/span><\/span><\/span><\/p>\n<p><span title=\"Besides the software you can also download the manuals and release notes for the different software packages, as well as datasheets and several product photo\u2019s.\"><span id=\"result_box\" class=\"\" lang=\"fr\" tabindex=\"-1\"><span title=\"Naast de software zijn ook de handleidingen en de releaseopmerkingen voor de verschillende pakketten te downloaden, evenals de datasheets en verschillende productfoto\u2019s.\">En plus du <a href=\"\/software\/\">logiciel<\/a>, vous pouvez t\u00e9l\u00e9charger les <a href=\"\/manuals\/\">manuels<\/a> et les <a href=\"\/release-notes\/\">notes de publication<\/a> pour les diff\u00e9rents packages, ainsi que les <a href=\"\/datasheets\/\">feuilles de donn\u00e9es<\/a> et les diff\u00e9rentes <a href=\"\/product-photos\/\">photos de produits<\/a>.<\/span><\/span><\/span><\/p>\n<\/div><div class=\"fusion-clearfix\"><\/div><\/div><\/div><\/div><\/div>\n","protected":false},"excerpt":{"rendered":"","protected":false},"author":1,"featured_media":0,"parent":0,"menu_order":0,"comment_status":"closed","ping_status":"closed","template":"","meta":{"footnotes":""},"class_list":["post-11","page","type-page","status-publish","hentry"],"_links":{"self":[{"href":"https:\/\/downloads.ivsystem.nl\/fr\/wp-json\/wp\/v2\/pages\/11","targetHints":{"allow":["GET"]}}],"collection":[{"href":"https:\/\/downloads.ivsystem.nl\/fr\/wp-json\/wp\/v2\/pages"}],"about":[{"href":"https:\/\/downloads.ivsystem.nl\/fr\/wp-json\/wp\/v2\/types\/page"}],"author":[{"embeddable":true,"href":"https:\/\/downloads.ivsystem.nl\/fr\/wp-json\/wp\/v2\/users\/1"}],"replies":[{"embeddable":true,"href":"https:\/\/downloads.ivsystem.nl\/fr\/wp-json\/wp\/v2\/comments?post=11"}],"version-history":[{"count":0,"href":"https:\/\/downloads.ivsystem.nl\/fr\/wp-json\/wp\/v2\/pages\/11\/revisions"}],"wp:attachment":[{"href":"https:\/\/downloads.ivsystem.nl\/fr\/wp-json\/wp\/v2\/media?parent=11"}],"curies":[{"name":"wp","href":"https:\/\/api.w.org\/{rel}","templated":true}]}}