{"id":11,"date":"2017-09-25T08:21:13","date_gmt":"2017-09-25T08:21:13","guid":{"rendered":"http:\/\/downloads.ivsystem.nl\/?page_id=11"},"modified":"2017-11-08T11:02:51","modified_gmt":"2017-11-08T10:02:51","slug":"downloads","status":"publish","type":"page","link":"https:\/\/downloads.ivsystem.nl\/de\/","title":{"rendered":"Downloads"},"content":{"rendered":"<div class=\"fusion-fullwidth fullwidth-box fusion-builder-row-1 nonhundred-percent-fullwidth non-hundred-percent-height-scrolling\" style=\"background-color: rgba(255,255,255,0);background-position: center center;background-repeat: no-repeat;padding-top:0px;padding-right:0px;padding-bottom:0px;padding-left:0px;margin-bottom: 0px;margin-top: 0px;border-width: 0px 0px 0px 0px;border-color:#eae9e9;border-style:solid;\" ><div class=\"fusion-builder-row fusion-row\"><div class=\"fusion-layout-column fusion_builder_column fusion-builder-column-0 fusion_builder_column_1_1 1_1 fusion-one-full fusion-column-first fusion-column-last\" style=\"margin-top:0px;margin-bottom:0px;\"><div class=\"fusion-column-wrapper fusion-flex-column-wrapper-legacy\" style=\"background-position:left top;background-repeat:no-repeat;-webkit-background-size:cover;-moz-background-size:cover;-o-background-size:cover;background-size:cover;padding: 0px 0px 0px 0px;\"><div class=\"fusion-text fusion-text-1\"><h1>Downloads<\/h1>\n<p><span lang=\"DE\">Interactive Voting System bietet Ihnen die Softwarepakete in vier verschiedenen Sprachen an. IVS-Professional und IVS-Basic k\u00f6nnen Sie mit maximal 30 Abstimmger\u00e4ten kostenlos nutzen. IVS-City Council kann mit 5 Abstimmger\u00e4ten und IVS-Risk Analysis mit 3 Risiken kostenlos genutzt werden.<\/span><\/p>\n<p><span lang=\"DE\">F\u00fcr die Installation der Software wird ein Passwort ben\u00f6tigt. Beim Herunterladen werden Sie aufgefordert, Ihren Namen und Ihre E-Mail-Adresse einzugeben. Das Passwort wird Ihnen an die von Ihnen eingegebene Mail-Adresse gesendet. Die Software kann nach dem Download auf jedem beliebigen Rechner installiert werden. Sie ben\u00f6tigen dazu keinen Lizenzschl\u00fcssel. <\/span><\/p>\n<p><span lang=\"DE\">Alle Softwarepakete sind f\u00fcr die Nutzung unserer unterschiedlichen Abstimmger\u00e4te geeignet. Je nach installiertem Betriebssystem sind 32-Bit und 64-Bit Versionen verf\u00fcgbar. Sind Sie sich nicht sicher, welche Version die geeignete ist, dann laden Sie bitte beide Versionen herunter. Beim Installieren der falschen Version erscheint dann eine Fehlermeldung. Installieren Sie in diesem Fall die andere Version.<\/span><\/p>\n<p><span lang=\"DE\">Zus\u00e4tzlich k\u00f6nnen Sie hier die <a href=\"https:\/\/downloads.ivsystem.nl\/de\/manuals\/\">Handb\u00fccher<\/a> und Release-Notes f\u00fcr die unterschiedlichen Softwarepakete, sowie <a href=\"https:\/\/downloads.ivsystem.nl\/de\/datasheets\/\">Datenbl\u00e4tter<\/a> und <a href=\"https:\/\/downloads.ivsystem.nl\/de\/product-photos\/\">Produktfotos<\/a> herunterladen.<\/span><\/p>\n<p>&nbsp;<\/p>\n<\/div><div class=\"fusion-clearfix\"><\/div><\/div><\/div><\/div><\/div>\n","protected":false},"excerpt":{"rendered":"","protected":false},"author":1,"featured_media":0,"parent":0,"menu_order":0,"comment_status":"closed","ping_status":"closed","template":"","meta":{"footnotes":""},"class_list":["post-11","page","type-page","status-publish","hentry"],"_links":{"self":[{"href":"https:\/\/downloads.ivsystem.nl\/de\/wp-json\/wp\/v2\/pages\/11","targetHints":{"allow":["GET"]}}],"collection":[{"href":"https:\/\/downloads.ivsystem.nl\/de\/wp-json\/wp\/v2\/pages"}],"about":[{"href":"https:\/\/downloads.ivsystem.nl\/de\/wp-json\/wp\/v2\/types\/page"}],"author":[{"embeddable":true,"href":"https:\/\/downloads.ivsystem.nl\/de\/wp-json\/wp\/v2\/users\/1"}],"replies":[{"embeddable":true,"href":"https:\/\/downloads.ivsystem.nl\/de\/wp-json\/wp\/v2\/comments?post=11"}],"version-history":[{"count":0,"href":"https:\/\/downloads.ivsystem.nl\/de\/wp-json\/wp\/v2\/pages\/11\/revisions"}],"wp:attachment":[{"href":"https:\/\/downloads.ivsystem.nl\/de\/wp-json\/wp\/v2\/media?parent=11"}],"curies":[{"name":"wp","href":"https:\/\/api.w.org\/{rel}","templated":true}]}}